{"id":133,"date":"2020-04-19T12:34:43","date_gmt":"2020-04-19T15:34:43","guid":{"rendered":"https:\/\/www.mooudecor.com\/?page_id=133"},"modified":"2024-02-15T17:44:25","modified_gmt":"2024-02-15T20:44:25","slug":"a-empresa","status":"publish","type":"page","link":"https:\/\/www.mooudecor.com\/index.php\/a-empresa\/","title":{"rendered":"A empresa"},"content":{"rendered":"<figure class=\"wp-block-video aligncenter\"><video autoplay loop src=\"https:\/\/www.mooudecor.com\/wp-content\/uploads\/2020\/05\/mooudecor.mp4\" playsinline><\/video><\/figure><p><img fetchpriority=\"high\" decoding=\"async\" src=\"https:\/\/mlaunuxx5xnu.i.optimole.com\/w:auto\/h:auto\/q:mauto\/ig:avif\/https:\/\/www.mooudecor.com\/wp-content\/uploads\/2020\/04\/moou_150x50.png\" alt=\"MoouDecor Arquitetura | Ilumina\u00e7\u00e3o | Decora\u00e7\u00e3o\" width=\"55\" height=\"150\" class=\"size-full wp-image-125 aligncenter\"><\/p>\n<p style=\"text-align: center;\"><a href=\"https:\/\/www.mooudecor.com\/index.php\/arquitetura\/\">Arquitetura<\/a> | <a href=\"https:\/\/www.mooudecor.com\/index.php\/iluminacao\/\">Ilumina\u00e7\u00e3o<\/a> | <a href=\"https:\/\/www.mooudecor.com\/index.php\/decoracao-e-design\/\">Decora\u00e7\u00e3o e Design<\/a> | <a href=\"https:\/\/www.mooudecor.com\/index.php\/arte\/\">Arte<\/a><\/p>\n<hr>\n<p>A MOOU \u00e9 uma marca de produtos decorativos que desenvolve diversas pe\u00e7as como lumin\u00e1rias, pe\u00e7as decorativas e itens utilit\u00e1rios para seu ambiente dom\u00e9stico ou corporativo,&nbsp; de maneira criativa e moderna.<\/p>\n<figure id=\"attachment_189\" aria-describedby=\"caption-attachment-189\" style=\"width: 750px\" class=\"wp-caption aligncenter\"><img fetchpriority=\"high\" decoding=\"async\" src=\"https:\/\/mlaunuxx5xnu.i.optimole.com\/w:1024\/h:576\/q:mauto\/ig:avif\/https:\/\/www.mooudecor.com\/wp-content\/uploads\/2020\/04\/showroom-mooudecor.jpeg\" alt=\"Showroom mooudecor Artquitetura, ilumina\u00e7\u00e3o, decora\u00e7\u00e3o, design, arte\" width=\"750\" height=\"422\" class=\"size-large wp-image-189\" srcset=\"https:\/\/mlaunuxx5xnu.i.optimole.com\/w:1024\/h:576\/q:mauto\/ig:avif\/https:\/\/www.mooudecor.com\/wp-content\/uploads\/2020\/04\/showroom-mooudecor.jpeg 1024w, https:\/\/mlaunuxx5xnu.i.optimole.com\/w:350\/h:197\/q:mauto\/ig:avif\/https:\/\/www.mooudecor.com\/wp-content\/uploads\/2020\/04\/showroom-mooudecor.jpeg 350w, https:\/\/mlaunuxx5xnu.i.optimole.com\/w:300\/h:169\/q:mauto\/ig:avif\/https:\/\/www.mooudecor.com\/wp-content\/uploads\/2020\/04\/showroom-mooudecor.jpeg 300w, https:\/\/mlaunuxx5xnu.i.optimole.com\/w:768\/h:432\/q:mauto\/ig:avif\/https:\/\/www.mooudecor.com\/wp-content\/uploads\/2020\/04\/showroom-mooudecor.jpeg 768w, https:\/\/mlaunuxx5xnu.i.optimole.com\/w:600\/h:338\/q:mauto\/ig:avif\/https:\/\/www.mooudecor.com\/wp-content\/uploads\/2020\/04\/showroom-mooudecor.jpeg 600w, https:\/\/mlaunuxx5xnu.i.optimole.com\/w:auto\/h:auto\/q:mauto\/ig:avif\/https:\/\/www.mooudecor.com\/wp-content\/uploads\/2020\/04\/showroom-mooudecor.jpeg 1280w\" sizes=\"(max-width: 706px) 89vw, (max-width: 767px) 82vw, 740px\" \/><figcaption id=\"caption-attachment-189\" class=\"wp-caption-text\">Showroom MoouDecor<\/figcaption><\/figure>\n<p>Criada por Alessandra Mour\u00e3o, arquiteta com especializa\u00e7\u00e3o em ilumina\u00e7\u00e3o e design de Lumin\u00e1rias, a Moou surge atrav\u00e9s da necessidade de oferecer projetos e produtos de decora\u00e7\u00e3o personalizados e sofisticados para o exigente p\u00fablico brasiliense.<\/p>\n<figure id=\"attachment_192\" aria-describedby=\"caption-attachment-192\" style=\"width: 750px\" class=\"wp-caption aligncenter\"><img data-opt-src=\"https:\/\/mlaunuxx5xnu.i.optimole.com\/w:1024\/h:576\/q:mauto\/ig:avif\/https:\/\/www.mooudecor.com\/wp-content\/uploads\/2020\/04\/mooudecor-hall.jpeg\"  decoding=\"async\" src=\"data:image/svg+xml,%3Csvg%20viewBox%3D%220%200%201024%20576%22%20width%3D%221024%22%20height%3D%22576%22%20xmlns%3D%22http%3A%2F%2Fwww.w3.org%2F2000%2Fsvg%22%3E%3Crect%20width%3D%221024%22%20height%3D%22576%22%20fill%3D%22transparent%22%2F%3E%3C%2Fsvg%3E\" alt=\"MoouDecor, arquitetura e decora\u00e7\u00e3o, Hall\" width=\"750\" height=\"422\" class=\"wp-image-192 size-large\" old-srcset=\"https:\/\/mlaunuxx5xnu.i.optimole.com\/w:1024\/h:576\/q:mauto\/ig:avif\/https:\/\/www.mooudecor.com\/wp-content\/uploads\/2020\/04\/mooudecor-hall.jpeg 1024w, https:\/\/mlaunuxx5xnu.i.optimole.com\/w:350\/h:197\/q:mauto\/ig:avif\/https:\/\/www.mooudecor.com\/wp-content\/uploads\/2020\/04\/mooudecor-hall.jpeg 350w, https:\/\/mlaunuxx5xnu.i.optimole.com\/w:300\/h:169\/q:mauto\/ig:avif\/https:\/\/www.mooudecor.com\/wp-content\/uploads\/2020\/04\/mooudecor-hall.jpeg 300w, https:\/\/mlaunuxx5xnu.i.optimole.com\/w:768\/h:432\/q:mauto\/ig:avif\/https:\/\/www.mooudecor.com\/wp-content\/uploads\/2020\/04\/mooudecor-hall.jpeg 768w, https:\/\/mlaunuxx5xnu.i.optimole.com\/w:600\/h:338\/q:mauto\/ig:avif\/https:\/\/www.mooudecor.com\/wp-content\/uploads\/2020\/04\/mooudecor-hall.jpeg 600w, https:\/\/mlaunuxx5xnu.i.optimole.com\/w:auto\/h:auto\/q:mauto\/ig:avif\/https:\/\/www.mooudecor.com\/wp-content\/uploads\/2020\/04\/mooudecor-hall.jpeg 1280w\" \/><figcaption id=\"caption-attachment-192\" class=\"wp-caption-text\">Escada de acesso \u00e0 galeria de arte<\/figcaption><\/figure>\n<p>Fundada em 2006 a MoouDecor conta com uma \u00e1rea de produ\u00e7\u00e3o altamente tecnol\u00f3gica, para garantir fino acabamento e durabilidade \u00e0s nossas pe\u00e7as de ilumina\u00e7\u00e3o, design e decora\u00e7\u00e3o.<\/p>\n<figure id=\"attachment_196\" aria-describedby=\"caption-attachment-196\" style=\"width: 750px\" class=\"wp-caption aligncenter\"><img data-opt-src=\"https:\/\/mlaunuxx5xnu.i.optimole.com\/w:1024\/h:576\/q:mauto\/ig:avif\/https:\/\/www.mooudecor.com\/wp-content\/uploads\/2020\/04\/mooudecor-area-de-producao.jpeg\"  decoding=\"async\" src=\"data:image/svg+xml,%3Csvg%20viewBox%3D%220%200%201024%20576%22%20width%3D%221024%22%20height%3D%22576%22%20xmlns%3D%22http%3A%2F%2Fwww.w3.org%2F2000%2Fsvg%22%3E%3Crect%20width%3D%221024%22%20height%3D%22576%22%20fill%3D%22transparent%22%2F%3E%3C%2Fsvg%3E\" alt=\"MoouDecor, \u00e1rea de produ\u00e7\u00e3o\" width=\"750\" height=\"422\" class=\"size-large wp-image-196\" old-srcset=\"https:\/\/mlaunuxx5xnu.i.optimole.com\/w:1024\/h:576\/q:mauto\/ig:avif\/https:\/\/www.mooudecor.com\/wp-content\/uploads\/2020\/04\/mooudecor-area-de-producao.jpeg 1024w, https:\/\/mlaunuxx5xnu.i.optimole.com\/w:350\/h:197\/q:mauto\/ig:avif\/https:\/\/www.mooudecor.com\/wp-content\/uploads\/2020\/04\/mooudecor-area-de-producao.jpeg 350w, https:\/\/mlaunuxx5xnu.i.optimole.com\/w:300\/h:169\/q:mauto\/ig:avif\/https:\/\/www.mooudecor.com\/wp-content\/uploads\/2020\/04\/mooudecor-area-de-producao.jpeg 300w, https:\/\/mlaunuxx5xnu.i.optimole.com\/w:768\/h:432\/q:mauto\/ig:avif\/https:\/\/www.mooudecor.com\/wp-content\/uploads\/2020\/04\/mooudecor-area-de-producao.jpeg 768w, https:\/\/mlaunuxx5xnu.i.optimole.com\/w:600\/h:338\/q:mauto\/ig:avif\/https:\/\/www.mooudecor.com\/wp-content\/uploads\/2020\/04\/mooudecor-area-de-producao.jpeg 600w, https:\/\/mlaunuxx5xnu.i.optimole.com\/w:auto\/h:auto\/q:mauto\/ig:avif\/https:\/\/www.mooudecor.com\/wp-content\/uploads\/2020\/04\/mooudecor-area-de-producao.jpeg 1280w\" \/><figcaption id=\"caption-attachment-196\" class=\"wp-caption-text\">MoouDecor, \u00e1rea de produ\u00e7\u00e3o<\/figcaption><\/figure>","protected":false},"excerpt":{"rendered":"<p>Arquitetura | Ilumina\u00e7\u00e3o | Decora\u00e7\u00e3o e Design | Arte A MOOU \u00e9 uma marca de produtos decorativos que desenvolve diversas pe\u00e7as como lumin\u00e1rias, pe\u00e7as decorativas e itens utilit\u00e1rios para seu ambiente dom\u00e9stico ou corporativo,&nbsp; de maneira criativa e moderna. Criada por Alessandra Mour\u00e3o, arquiteta com especializa\u00e7\u00e3o em ilumina\u00e7\u00e3o e design de Lumin\u00e1rias, a Moou surge &hellip; <\/p>\n<p class=\"link-more\"><a href=\"https:\/\/www.mooudecor.com\/index.php\/a-empresa\/\" class=\"more-link\">Continue lendo<span class=\"screen-reader-text\"> &#8220;A empresa&#8221;<\/span><\/a><\/p>\n","protected":false},"author":1,"featured_media":0,"parent":0,"menu_order":0,"comment_status":"closed","ping_status":"closed","template":"","meta":{"_themeisle_gutenberg_block_has_review":false,"_ti_tpc_template_sync":false,"_ti_tpc_template_id":"","footnotes":""},"class_list":["post-133","page","type-page","status-publish","hentry"],"_links":{"self":[{"href":"https:\/\/www.mooudecor.com\/index.php\/wp-json\/wp\/v2\/pages\/133","targetHints":{"allow":["GET"]}}],"collection":[{"href":"https:\/\/www.mooudecor.com\/index.php\/wp-json\/wp\/v2\/pages"}],"about":[{"href":"https:\/\/www.mooudecor.com\/index.php\/wp-json\/wp\/v2\/types\/page"}],"author":[{"embeddable":true,"href":"https:\/\/www.mooudecor.com\/index.php\/wp-json\/wp\/v2\/users\/1"}],"replies":[{"embeddable":true,"href":"https:\/\/www.mooudecor.com\/index.php\/wp-json\/wp\/v2\/comments?post=133"}],"version-history":[{"count":16,"href":"https:\/\/www.mooudecor.com\/index.php\/wp-json\/wp\/v2\/pages\/133\/revisions"}],"predecessor-version":[{"id":456,"href":"https:\/\/www.mooudecor.com\/index.php\/wp-json\/wp\/v2\/pages\/133\/revisions\/456"}],"wp:attachment":[{"href":"https:\/\/www.mooudecor.com\/index.php\/wp-json\/wp\/v2\/media?parent=133"}],"curies":[{"name":"wp","href":"https:\/\/api.w.org\/{rel}","templated":true}]}}